{"id":3,"date":"2021-05-18T00:03:20","date_gmt":"2021-05-17T22:03:20","guid":{"rendered":"https:\/\/www.landhandel-eichmann.de\/?page_id=3"},"modified":"2023-01-30T10:14:26","modified_gmt":"2023-01-30T09:14:26","slug":"datenschutzerklaerung","status":"publish","type":"page","link":"https:\/\/www.landhandel-eichmann.de\/index.php\/datenschutzerklaerung\/","title":{"rendered":"Datenschutzerkl\u00e4rung"},"content":{"rendered":"\t\t<div data-elementor-type=\"wp-page\" data-elementor-id=\"3\" class=\"elementor elementor-3\">\n\t\t\t\t\t\t<section class=\"elementor-section elementor-top-section elementor-element elementor-element-28a2edef elementor-section-boxed elementor-section-height-default elementor-section-height-default\" data-id=\"28a2edef\" data-element_type=\"section\" data-e-type=\"section\">\n\t\t\t\t\t\t<div class=\"elementor-container elementor-column-gap-default\">\n\t\t\t\t\t<div class=\"elementor-column elementor-col-100 elementor-top-column elementor-element elementor-element-7f74728c\" data-id=\"7f74728c\" data-element_type=\"column\" data-e-type=\"column\">\n\t\t\t<div class=\"elementor-widget-wrap elementor-element-populated\">\n\t\t\t\t\t\t<div class=\"elementor-element elementor-element-4e38f7f8 elementor-widget elementor-widget-text-editor\" data-id=\"4e38f7f8\" data-element_type=\"widget\" data-e-type=\"widget\" data-widget_type=\"text-editor.default\">\n\t\t\t\t<div class=\"elementor-widget-container\">\n\t\t\t\t\t\t\t\t\t<p><\/p>\n<div>\n<h2 class=\"wp-block-heading\">Wer wir sind<\/h2>\n<\/div>\n<p><\/p>\n<p><\/p>\n<p>Eichmann u. Partner GmbH<br>Wilsener Weg 6<br>18198 St\u00e4below<\/p>\n<p><\/p>\n<p>Die Adresse unserer Website ist: https:\/\/landhandel-eichmann.de.<br>Hinweis: Ein Impressum finden Sie im Bereich\/Men\u00fc &#8222;\u00dcber uns&#8220;.<br><\/p>\n<p><\/p>\n<p><\/p>\n<h2 class=\"wp-block-heading\"><span dir=\"ltr\" style=\"left: calc(var(--scale-factor)*70.82px); top: calc(var(--scale-factor)*245.44px); font-size: calc(var(--scale-factor)*12.00px); font-family: sans-serif; transform: scaleX(1.07434);\" role=\"presentation\">Grundlegendes<\/span><\/h2>\n<p><\/p>\n<p><\/p>\n<p><span dir=\"ltr\" style=\"left: calc(var(--scale-factor)*70.82px); top: calc(var(--scale-factor)*271.75px); font-size: calc(var(--scale-factor)*11.04px); font-family: sans-serif; transform: scaleX(0.99699);\" role=\"presentation\">Diese Datenschutzerkl\u00e4rung soll die Nutzer dieser Website \u00fcber die Art, den Umfang und<\/span> <span dir=\"ltr\" style=\"left: calc(var(--scale-factor)*70.82px); top: calc(var(--scale-factor)*284.47px); font-size: calc(var(--scale-factor)*11.04px); font-family: sans-serif; transform: scaleX(0.997957);\" role=\"presentation\">den Zweck der Erhebung und Verwendung personenbezogener Daten durch den<\/span> <span dir=\"ltr\" style=\"left: calc(var(--scale-factor)*70.82px); top: calc(var(--scale-factor)*297.07px); font-size: calc(var(--scale-factor)*11.04px); font-family: sans-serif; transform: scaleX(0.996352);\" role=\"presentation\">Websitebetreiber [Ihre Kontaktdaten einf\u00fcgen] informieren.<\/span> <span dir=\"ltr\" style=\"left: calc(var(--scale-factor)*70.82px); top: calc(var(--scale-factor)*322.39px); font-size: calc(var(--scale-factor)*11.04px); font-family: sans-serif; transform: scaleX(0.996515);\" role=\"presentation\">Der Websitebetreiber nimmt Ihren Datenschutz sehr ernst und behandelt Ihre<\/span> <span dir=\"ltr\" style=\"left: calc(var(--scale-factor)*70.82px); top: calc(var(--scale-factor)*334.99px); font-size: calc(var(--scale-factor)*11.04px); font-family: sans-serif; transform: scaleX(0.997665);\" role=\"presentation\">personenbezogenen Daten vertraulich und entsprechend der gesetzlichen Vorschriften. Da<\/span> <span dir=\"ltr\" style=\"left: calc(var(--scale-factor)*70.82px); top: calc(var(--scale-factor)*347.71px); font-size: calc(var(--scale-factor)*11.04px); font-family: sans-serif; transform: scaleX(1.00034);\" role=\"presentation\">durch neue Technologien und die st\u00e4ndige Weiterentwicklung dieser Webseite \u00c4nderungen<\/span> <span dir=\"ltr\" style=\"left: calc(var(--scale-factor)*70.82px); top: calc(var(--scale-factor)*360.31px); font-size: calc(var(--scale-factor)*11.04px); font-family: sans-serif; transform: scaleX(0.996861);\" role=\"presentation\">an dieser Datenschutzerkl\u00e4rung vorgenommen werden k\u00f6nnen, empfehlen wir Ihnen sich die<\/span> <span dir=\"ltr\" style=\"left: calc(var(--scale-factor)*70.82px); top: calc(var(--scale-factor)*372.91px); font-size: calc(var(--scale-factor)*11.04px); font-family: sans-serif; transform: scaleX(0.995912);\" role=\"presentation\">Datenschutzerkl\u00e4rung in regelm\u00e4\u00dfigen Abst\u00e4nden wieder durchzulesen.<\/span> <span dir=\"ltr\" style=\"left: calc(var(--scale-factor)*70.82px); top: calc(var(--scale-factor)*398.23px); font-size: calc(var(--scale-factor)*11.04px); font-family: sans-serif; transform: scaleX(0.9977);\" role=\"presentation\">Definitionen der verwendeten Begriffe (z.B. &#8222;personenbezogene Daten\u201d oder \u201cVerarbeitung\u201d)<\/span> <span dir=\"ltr\" style=\"left: calc(var(--scale-factor)*70.82px); top: calc(var(--scale-factor)*410.95px); font-size: calc(var(--scale-factor)*11.04px); font-family: sans-serif; transform: scaleX(0.996461);\" role=\"presentation\">finden Sie in Art. 4 DSGVO.<\/span><\/p>\n<p><\/p>\n<p><\/p>\n<h2 class=\"wp-block-heading\"><span dir=\"ltr\" style=\"left: calc(var(--scale-factor)*70.82px); top: calc(var(--scale-factor)*436.27px); font-size: calc(var(--scale-factor)*12.00px); font-family: sans-serif; transform: scaleX(1.0984);\" role=\"presentation\">Zugriffsdaten<\/span><\/h2>\n<p><\/p>\n<p><\/p>\n<p><span dir=\"ltr\" style=\"left: calc(var(--scale-factor)*70.82px); top: calc(var(--scale-factor)*462.69px); font-size: calc(var(--scale-factor)*11.04px); font-family: sans-serif; transform: scaleX(1.00168);\" role=\"presentation\">Wir, der Websitebetreiber bzw. Seitenprovider, erheben aufgrund unseres berechtigten<\/span> <span dir=\"ltr\" style=\"left: calc(var(--scale-factor)*70.82px); top: calc(var(--scale-factor)*475.29px); font-size: calc(var(--scale-factor)*11.04px); font-family: sans-serif; transform: scaleX(0.996953);\" role=\"presentation\">Interesses (s. Art. 6 Abs. 1 lit. f. DSGVO) Daten \u00fcber Zugriffe auf die Website und speichern<\/span> <span dir=\"ltr\" style=\"left: calc(var(--scale-factor)*70.82px); top: calc(var(--scale-factor)*488.01px); font-size: calc(var(--scale-factor)*11.04px); font-family: sans-serif; transform: scaleX(0.995919);\" role=\"presentation\">diese als \u201eServer<\/span><span dir=\"ltr\" style=\"left: calc(var(--scale-factor)*153.38px); top: calc(var(--scale-factor)*488.01px); font-size: calc(var(--scale-factor)*11.04px); font-family: sans-serif;\" role=\"presentation\">&#8211;<\/span><span dir=\"ltr\" style=\"left: calc(var(--scale-factor)*157.10px); top: calc(var(--scale-factor)*488.01px); font-size: calc(var(--scale-factor)*11.04px); font-family: sans-serif; transform: scaleX(0.996369);\" role=\"presentation\">Logfiles\u201c auf dem Server der Website ab. Folgende Daten werden so<\/span> <span dir=\"ltr\" style=\"left: calc(var(--scale-factor)*70.82px); top: calc(var(--scale-factor)*500.61px); font-size: calc(var(--scale-factor)*11.04px); font-family: sans-serif; transform: scaleX(0.996244);\" role=\"presentation\">protokolliert:<\/span><\/p>\n<ol>\n<li><span dir=\"ltr\" style=\"left: calc(var(--scale-factor)*102.98px); top: calc(var(--scale-factor)*539.97px); font-size: calc(var(--scale-factor)*11.04px); font-family: sans-serif;\" role=\"presentation\">Besuchte Website<\/span><\/li>\n<li><span dir=\"ltr\" style=\"left: calc(var(--scale-factor)*120.98px); top: calc(var(--scale-factor)*539.97px); font-size: calc(var(--scale-factor)*11.04px); font-family: sans-serif; transform: scaleX(0.998118);\" role=\"presentation\">Uhrzeit zum Zeitpunkt des Zugriffes<\/span><\/li>\n<li><span dir=\"ltr\" style=\"left: calc(var(--scale-factor)*120.98px); top: calc(var(--scale-factor)*553.41px); font-size: calc(var(--scale-factor)*11.04px); font-family: sans-serif; transform: scaleX(0.996328);\" role=\"presentation\">Menge der gesendeten Daten in Byte<\/span><\/li>\n<li><span dir=\"ltr\" style=\"left: calc(var(--scale-factor)*120.98px); top: calc(var(--scale-factor)*566.85px); font-size: calc(var(--scale-factor)*11.04px); font-family: sans-serif; transform: scaleX(0.998953);\" role=\"presentation\">Quelle\/Verweis, von welchem Sie auf die Seite gelangten<\/span><\/li>\n<li><span dir=\"ltr\" style=\"left: calc(var(--scale-factor)*120.98px); top: calc(var(--scale-factor)*580.17px); font-size: calc(var(--scale-factor)*11.04px); font-family: sans-serif; transform: scaleX(1.00233);\" role=\"presentation\">Verwendeter Browser<\/span><\/li>\n<li><span dir=\"ltr\" style=\"left: calc(var(--scale-factor)*120.98px); top: calc(var(--scale-factor)*593.61px); font-size: calc(var(--scale-factor)*11.04px); font-family: sans-serif; transform: scaleX(1.00187);\" role=\"presentation\">Verwendetes Betriebssystem<\/span><\/li>\n<li><span dir=\"ltr\" style=\"left: calc(var(--scale-factor)*120.98px); top: calc(var(--scale-factor)*606.93px); font-size: calc(var(--scale-factor)*11.04px); font-family: sans-serif; transform: scaleX(1.00293);\" role=\"presentation\">Verwendete IP-Adresse<\/span><\/li>\n<\/ol>\n<p><span dir=\"ltr\" style=\"left: calc(var(--scale-factor)*70.82px); top: calc(var(--scale-factor)*632.28px); font-size: calc(var(--scale-factor)*11.04px); font-family: sans-serif; transform: scaleX(0.999337);\" role=\"presentation\">Die Server-Logfiles werden f\u00fcr maximal 7 Tage gespeichert und anschlie\u00dfend gel\u00f6scht. Die <\/span><span dir=\"ltr\" style=\"left: calc(var(--scale-factor)*70.82px); top: calc(var(--scale-factor)*645.00px); font-size: calc(var(--scale-factor)*11.04px); font-family: sans-serif; transform: scaleX(0.995997);\" role=\"presentation\">Speicherung der Daten erfolgt aus Sicherheitsgr\u00fcnden, um z. B. Missbrauchsf\u00e4lle aufkl\u00e4ren<\/span> <span dir=\"ltr\" style=\"left: calc(var(--scale-factor)*70.82px); top: calc(var(--scale-factor)*657.60px); font-size: calc(var(--scale-factor)*11.04px); font-family: sans-serif; transform: scaleX(0.996252);\" role=\"presentation\">zu k\u00f6nnen. M\u00fcssen Daten aus Beweisgr\u00fcnden aufgehoben werden, sind sie solange von der <\/span><span dir=\"ltr\" style=\"left: calc(var(--scale-factor)*70.82px); top: calc(var(--scale-factor)*670.32px); font-size: calc(var(--scale-factor)*11.04px); font-family: sans-serif; transform: scaleX(0.998506);\" role=\"presentation\">L\u00f6schung ausgenommen bis der Vorfall endg\u00fcltig gekl\u00e4rt ist.<\/span><\/p>\n<p><\/p>\n<p><\/p>\n<h2 class=\"wp-block-heading\"><span dir=\"ltr\" style=\"left: calc(var(--scale-factor)*70.82px); top: calc(var(--scale-factor)*695.64px); font-size: calc(var(--scale-factor)*12.00px); font-family: sans-serif; transform: scaleX(1.0739);\" role=\"presentation\">Reichweitenmessung &amp; Cookies<\/span><\/h2>\n<p><\/p>\n<p><\/p>\n<p><span dir=\"ltr\" style=\"left: calc(var(--scale-factor)*70.82px); top: calc(var(--scale-factor)*722.04px); font-size: calc(var(--scale-factor)*11.04px); font-family: sans-serif; transform: scaleX(0.996945);\" role=\"presentation\">Diese Website verwendet Cookies zur pseudonymisierten Reichweitenmessung, die<\/span> <span dir=\"ltr\" style=\"left: calc(var(--scale-factor)*70.82px); top: calc(var(--scale-factor)*734.64px); font-size: calc(var(--scale-factor)*11.04px); font-family: sans-serif; transform: scaleX(0.996066);\" role=\"presentation\">entweder von unserem Server oder dem Server Dritter an den Browser des Nutzers<\/span><span dir=\"ltr\" style=\"left: calc(var(--scale-factor)*70.82px); top: calc(var(--scale-factor)*72.62px); font-size: calc(var(--scale-factor)*11.04px); font-family: sans-serif; transform: scaleX(0.996691);\" role=\"presentation\">\u00fcbertragen werden. Bei Cookies handelt es sich um kleine Dateien, welche auf Ihrem<\/span> <span dir=\"ltr\" style=\"left: calc(var(--scale-factor)*70.82px); top: calc(var(--scale-factor)*85.36px); font-size: calc(var(--scale-factor)*11.04px); font-family: sans-serif; transform: scaleX(0.99625);\" role=\"presentation\">Endger\u00e4t gespeichert werden. Ihr Browser greift auf diese Dateien zu. Durch den Einsatz<\/span> <span dir=\"ltr\" style=\"left: calc(var(--scale-factor)*70.82px); top: calc(var(--scale-factor)*97.96px); font-size: calc(var(--scale-factor)*11.04px); font-family: sans-serif; transform: scaleX(0.996866);\" role=\"presentation\">von Cookies erh\u00f6ht sich die Benutzerfreundlichkeit und Sicherheit dieser Website.<\/span> <span dir=\"ltr\" style=\"left: calc(var(--scale-factor)*70.82px); top: calc(var(--scale-factor)*110.68px); font-size: calc(var(--scale-factor)*11.04px); font-family: sans-serif; transform: scaleX(0.996751);\" role=\"presentation\">Falls Sie nicht m\u00f6chten, dass Cookies zur Reichweitenmessung auf Ihrem Endger\u00e4t<\/span> <span dir=\"ltr\" style=\"left: calc(var(--scale-factor)*70.82px); top: calc(var(--scale-factor)*123.28px); font-size: calc(var(--scale-factor)*11.04px); font-family: sans-serif; transform: scaleX(0.996432);\" role=\"presentation\">gespeichert werden, k\u00f6nnen Sie dem Einsatz dieser Dateien hier widersprechen:<\/span><\/p>\n<ol>\n<li><span><span style=\"left: calc(var(--scale-factor)*120.98px); top: calc(var(--scale-factor)*149.32px); font-size: calc(var(--scale-factor)*11.04px); font-family: sans-serif; transform: scaleX(0.996115);\" role=\"presentation\" dir=\"ltr\">Cookie-Deaktivierungsseite der Netzwerkwerbeinitiative:<\/span><\/span><span> <span style=\"left: calc(var(--scale-factor)*120.98px); top: calc(var(--scale-factor)*161.92px); font-size: calc(var(--scale-factor)*11.04px); font-family: sans-serif; transform: scaleX(0.995776);\" dir=\"ltr\" aria-owns=\"pdfjs_internal_id_27R\">http:\/\/optout.networkadvertising.org\/?c=1#!<\/span><\/span><\/li>\n<li><span><span style=\"left: calc(var(--scale-factor)*120.98px); top: calc(var(--scale-factor)*175.36px); font-size: calc(var(--scale-factor)*11.04px); font-family: sans-serif; transform: scaleX(0.997173);\" dir=\"ltr\" aria-owns=\"pdfjs_internal_id_28R\">Cookie-Deaktivierungsseite der US-amerikanischen Website:<\/span><\/span><span> <span style=\"left: calc(var(--scale-factor)*120.98px); top: calc(var(--scale-factor)*187.96px); font-size: calc(var(--scale-factor)*11.04px); font-family: sans-serif; transform: scaleX(0.99624);\" role=\"presentation\" dir=\"ltr\">http:\/\/optout.aboutads.info\/?c=2#!\/<\/span><\/span><\/li>\n<li><span><span style=\"left: calc(var(--scale-factor)*120.98px); top: calc(var(--scale-factor)*201.40px); font-size: calc(var(--scale-factor)*11.04px); font-family: sans-serif; transform: scaleX(0.997281);\" role=\"presentation\" dir=\"ltr\">Cookie-Deaktivierungsseite der europ\u00e4ischen Website:<\/span><\/span><span> <span style=\"left: calc(var(--scale-factor)*120.98px); top: calc(var(--scale-factor)*214.00px); font-size: calc(var(--scale-factor)*11.04px); font-family: sans-serif; transform: scaleX(0.995776);\" dir=\"ltr\" aria-owns=\"pdfjs_internal_id_29R\">http:\/\/optout.networkadvertising.org\/?c=1#!\/<\/span><\/span><\/li>\n<\/ol>\n<p><span><span style=\"left: calc(var(--scale-factor)*70.82px); top: calc(var(--scale-factor)*239.32px); font-size: calc(var(--scale-factor)*11.04px); font-family: sans-serif; transform: scaleX(0.996209);\" role=\"presentation\" dir=\"ltr\">G\u00e4ngige Browser bieten die Einstellungsoption, Cookies nicht zuzulassen.<br>Hinweis: Es ist<\/span> <span style=\"left: calc(var(--scale-factor)*70.82px); top: calc(var(--scale-factor)*252.04px); font-size: calc(var(--scale-factor)*11.04px); font-family: sans-serif; transform: scaleX(0.997179);\" role=\"presentation\" dir=\"ltr\">nicht gew\u00e4hrleistet, dass Sie auf alle Funktionen dieser Website ohne Einschr\u00e4nkungen<\/span> <span style=\"left: calc(var(--scale-factor)*70.82px); top: calc(var(--scale-factor)*264.67px); font-size: calc(var(--scale-factor)*11.04px); font-family: sans-serif; transform: scaleX(0.996565);\" role=\"presentation\" dir=\"ltr\">zugreifen k\u00f6nnen, wenn Sie entsprechende Einstellungen vornehmen.<\/span><\/span><\/p>\n<ol><\/ol>\n<p><\/p>\n<p><\/p>\n<h2 class=\"wp-block-heading\"><span><span style=\"left: calc(var(--scale-factor)*70.82px); top: calc(var(--scale-factor)*289.99px); font-size: calc(var(--scale-factor)*11.04px); font-family: sans-serif; transform: scaleX(0.998576);\" role=\"presentation\" dir=\"ltr\">Erfassung und Verarbeitung personenbezogener Daten<\/span><\/span><\/h2>\n<p><\/p>\n<p><\/p>\n<p><span><span style=\"left: calc(var(--scale-factor)*70.82px); top: calc(var(--scale-factor)*315.31px); font-size: calc(var(--scale-factor)*11.04px); font-family: sans-serif; transform: scaleX(0.997923);\" role=\"presentation\" dir=\"ltr\">Der Websitebetreiber erhebt, nutzt und gibt Ihre personenbezogenen Daten nur dann weiter,<\/span> <span style=\"left: calc(var(--scale-factor)*70.82px); top: calc(var(--scale-factor)*327.91px); font-size: calc(var(--scale-factor)*11.04px); font-family: sans-serif; transform: scaleX(0.996412);\" role=\"presentation\" dir=\"ltr\">wenn dies im gesetzlichen Rahmen erlaubt ist oder Sie in die Datenerhebung einwilligen.<\/span><\/span><span> <span style=\"left: calc(var(--scale-factor)*70.82px); top: calc(var(--scale-factor)*340.63px); font-size: calc(var(--scale-factor)*11.04px); font-family: sans-serif; transform: scaleX(0.996132);\" role=\"presentation\" dir=\"ltr\">Als personenbezogene Daten gelten s\u00e4mtliche Informationen, welche dazu dienen, Ihre<\/span> <span style=\"left: calc(var(--scale-factor)*70.82px); top: calc(var(--scale-factor)*353.23px); font-size: calc(var(--scale-factor)*11.04px); font-family: sans-serif; transform: scaleX(0.996654);\" role=\"presentation\" dir=\"ltr\">Person zu bestimmen und welche zu Ihnen zur\u00fcckverfolgt werden k\u00f6nnen<\/span> <span style=\"left: calc(var(--scale-factor)*443.50px); top: calc(var(--scale-factor)*353.23px); font-size: calc(var(--scale-factor)*11.04px); font-family: sans-serif; transform: scaleX(0.996599);\" role=\"presentation\" dir=\"ltr\">also<\/span> <span style=\"left: calc(var(--scale-factor)*70.82px); top: calc(var(--scale-factor)*365.83px); font-size: calc(var(--scale-factor)*11.04px); font-family: sans-serif; transform: scaleX(1.00212);\" role=\"presentation\" dir=\"ltr\">beispielsweise Ihr Name, Ihre E-Mail-Adresse und Telefonnummer.<\/span><\/span><\/p>\n<p><span><span style=\"left: calc(var(--scale-factor)*70.82px); top: calc(var(--scale-factor)*391.15px); font-size: calc(var(--scale-factor)*11.04px); font-family: sans-serif; transform: scaleX(0.996656);\" role=\"presentation\" dir=\"ltr\">Diese Website k\u00f6nnen Sie auch besuchen, ohne Angaben zu Ihrer Person zu machen. Zur<\/span> <span style=\"left: calc(var(--scale-factor)*70.82px); top: calc(var(--scale-factor)*403.87px); font-size: calc(var(--scale-factor)*11.04px); font-family: sans-serif; transform: scaleX(0.997975);\" role=\"presentation\" dir=\"ltr\">Verbesserung unseres Online-Angebotes speichern wir jedoch (ohne Personenbezug) Ihre<\/span> <span style=\"left: calc(var(--scale-factor)*70.82px); top: calc(var(--scale-factor)*416.47px); font-size: calc(var(--scale-factor)*11.04px); font-family: sans-serif; transform: scaleX(0.99773);\" role=\"presentation\" dir=\"ltr\">Zugriffsdaten auf diese Website. Zu diesen Zugriffsdaten geh\u00f6ren z. B. die von Ihnen<\/span> <span style=\"left: calc(var(--scale-factor)*70.82px); top: calc(var(--scale-factor)*429.07px); font-size: calc(var(--scale-factor)*11.04px); font-family: sans-serif; transform: scaleX(0.996452);\" role=\"presentation\" dir=\"ltr\">angeforderte Datei oder der Name Ihres Internet-Providers. Durch die Anonymisierung&nbsp; der<\/span> <span style=\"left: calc(var(--scale-factor)*70.82px); top: calc(var(--scale-factor)*441.81px); font-size: calc(var(--scale-factor)*11.04px); font-family: sans-serif; transform: scaleX(0.995981);\" role=\"presentation\" dir=\"ltr\">Daten sind R\u00fcckschl\u00fcsse auf Ihre Person nicht m\u00f6glich.<\/span><\/span><\/p>\n<p><\/p>\n<p><\/p>\n<h2 class=\"wp-block-heading\"><span><span style=\"left: calc(var(--scale-factor)*70.82px); top: calc(var(--scale-factor)*648.48px); font-size: calc(var(--scale-factor)*12.00px); font-family: sans-serif; transform: scaleX(1.07696);\" role=\"presentation\" dir=\"ltr\">Umgang mit Kontaktdaten<\/span><\/span><\/h2>\n<p><\/p>\n<p><\/p>\n<p><span><span style=\"left: calc(var(--scale-factor)*70.82px); top: calc(var(--scale-factor)*674.76px); font-size: calc(var(--scale-factor)*11.04px); font-family: sans-serif; transform: scaleX(0.996848);\" role=\"presentation\" dir=\"ltr\">Nehmen Sie mit uns als Websitebetreiber durch die angebotenen Kontaktm\u00f6glichkeiten<\/span> <span style=\"left: calc(var(--scale-factor)*70.82px); top: calc(var(--scale-factor)*687.36px); font-size: calc(var(--scale-factor)*11.04px); font-family: sans-serif; transform: scaleX(0.997886);\" role=\"presentation\" dir=\"ltr\">Verbindung auf, werden Ihre Angaben gespeichert, damit auf diese zur Bearbeitung und<\/span> <span style=\"left: calc(var(--scale-factor)*70.82px); top: calc(var(--scale-factor)*700.08px); font-size: calc(var(--scale-factor)*11.04px); font-family: sans-serif; transform: scaleX(0.996359);\" role=\"presentation\" dir=\"ltr\">Beantwortung Ihrer Anfrage zur\u00fcckgegriffen werden kann. Ohne Ihre Einwilligung werden<\/span> <span style=\"left: calc(var(--scale-factor)*70.82px); top: calc(var(--scale-factor)*712.68px); font-size: calc(var(--scale-factor)*11.04px); font-family: sans-serif; transform: scaleX(0.996393);\" role=\"presentation\" dir=\"ltr\">diese Daten nicht an Dritte weitergegeben.<\/span><\/span><\/p>\n<p><\/p>\n<p><\/p>\n<h2 class=\"wp-block-heading\">Welche Rechte Sie an Ihren Daten haben<\/h2>\n<p><\/p>\n<p><\/p>\n<p>Wenn Sie ein Konto auf dieser Website besitzen oder Kommentare geschrieben haben, k\u00f6nnen Sie einen Export Ihrer personenbezogenen Daten bei uns anfordern, inklusive aller Daten, die Sie uns mitgeteilt haben. Dar\u00fcber hinaus k\u00f6nnen Sie die L\u00f6schung aller personenbezogenen Daten, die wir von Ihnen gespeichert haben, anfordern. Dies umfasst nicht die Daten, die wir aufgrund administrativer, rechtlicher oder sicherheitsrelevanter Notwendigkeiten aufbewahren m\u00fcssen.<\/p>\n<p><\/p>\n<p><\/p>\n<h2 class=\"wp-block-heading\">Wohin wir Ihre Daten senden<\/h2>\n<p><\/p>\n<p><\/p>\n<p>Besucher-Kommentare k\u00f6nnten von einem automatisierten Dienst zur Spam-Erkennung untersucht werden.<\/p>\n<p><\/p>\t\t\t\t\t\t\t\t<\/div>\n\t\t\t\t<\/div>\n\t\t\t\t\t<\/div>\n\t\t<\/div>\n\t\t\t\t\t<\/div>\n\t\t<\/section>\n\t\t\t\t<\/div>\n\t\t","protected":false},"excerpt":{"rendered":"<p>Wer wir sind Eichmann u. Partner GmbHWilsener Weg 618198 St\u00e4below Die Adresse unserer Website ist: https:\/\/landhandel-eichmann.de.Hinweis: Ein Impressum finden Sie im Bereich\/Men\u00fc &#8222;\u00dcber uns&#8220;. Grundlegendes Diese Datenschutzerkl\u00e4rung soll die Nutzer dieser Website \u00fcber die Art, den Umfang und den Zweck der Erhebung und Verwendung personenbezogener Daten durch den Websitebetreiber [Ihre Kontaktdaten einf\u00fcgen] informieren. Der Websitebetreiber [&hellip;]<\/p>\n","protected":false},"author":1,"featured_media":0,"parent":0,"menu_order":0,"comment_status":"closed","ping_status":"open","template":"","meta":{"ocean_post_layout":"full-screen","ocean_both_sidebars_style":"","ocean_both_sidebars_content_width":0,"ocean_both_sidebars_sidebars_width":0,"ocean_sidebar":"0","ocean_second_sidebar":"0","ocean_disable_margins":"enable","ocean_add_body_class":"","ocean_shortcode_before_top_bar":"","ocean_shortcode_after_top_bar":"","ocean_shortcode_before_header":"","ocean_shortcode_after_header":"","ocean_has_shortcode":"","ocean_shortcode_after_title":"","ocean_shortcode_before_footer_widgets":"","ocean_shortcode_after_footer_widgets":"","ocean_shortcode_before_footer_bottom":"","ocean_shortcode_after_footer_bottom":"","ocean_display_top_bar":"off","ocean_display_header":"default","ocean_header_style":"","ocean_center_header_left_menu":"0","ocean_custom_header_template":"0","ocean_custom_logo":0,"ocean_custom_retina_logo":0,"ocean_custom_logo_max_width":0,"ocean_custom_logo_tablet_max_width":0,"ocean_custom_logo_mobile_max_width":0,"ocean_custom_logo_max_height":0,"ocean_custom_logo_tablet_max_height":0,"ocean_custom_logo_mobile_max_height":0,"ocean_header_custom_menu":"0","ocean_menu_typo_font_family":"0","ocean_menu_typo_font_subset":"","ocean_menu_typo_font_size":0,"ocean_menu_typo_font_size_tablet":0,"ocean_menu_typo_font_size_mobile":0,"ocean_menu_typo_font_size_unit":"px","ocean_menu_typo_font_weight":"","ocean_menu_typo_font_weight_tablet":"","ocean_menu_typo_font_weight_mobile":"","ocean_menu_typo_transform":"","ocean_menu_typo_transform_tablet":"","ocean_menu_typo_transform_mobile":"","ocean_menu_typo_line_height":0,"ocean_menu_typo_line_height_tablet":0,"ocean_menu_typo_line_height_mobile":0,"ocean_menu_typo_line_height_unit":"","ocean_menu_typo_spacing":0,"ocean_menu_typo_spacing_tablet":0,"ocean_menu_typo_spacing_mobile":0,"ocean_menu_typo_spacing_unit":"","ocean_menu_link_color":"","ocean_menu_link_color_hover":"","ocean_menu_link_color_active":"","ocean_menu_link_background":"","ocean_menu_link_hover_background":"","ocean_menu_link_active_background":"","ocean_menu_social_links_bg":"","ocean_menu_social_hover_links_bg":"","ocean_menu_social_links_color":"","ocean_menu_social_hover_links_color":"","ocean_disable_title":"on","ocean_disable_heading":"default","ocean_post_title":"","ocean_post_subheading":"","ocean_post_title_style":"","ocean_post_title_background_color":"","ocean_post_title_background":0,"ocean_post_title_bg_image_position":"","ocean_post_title_bg_image_attachment":"","ocean_post_title_bg_image_repeat":"","ocean_post_title_bg_image_size":"","ocean_post_title_height":0,"ocean_post_title_bg_overlay":0.5,"ocean_post_title_bg_overlay_color":"","ocean_disable_breadcrumbs":"default","ocean_breadcrumbs_color":"","ocean_breadcrumbs_separator_color":"","ocean_breadcrumbs_links_color":"","ocean_breadcrumbs_links_hover_color":"","ocean_display_footer_widgets":"off","ocean_display_footer_bottom":"off","ocean_custom_footer_template":"0","footnotes":""},"class_list":["post-3","page","type-page","status-publish","hentry","entry"],"_links":{"self":[{"href":"https:\/\/www.landhandel-eichmann.de\/index.php\/wp-json\/wp\/v2\/pages\/3","targetHints":{"allow":["GET"]}}],"collection":[{"href":"https:\/\/www.landhandel-eichmann.de\/index.php\/wp-json\/wp\/v2\/pages"}],"about":[{"href":"https:\/\/www.landhandel-eichmann.de\/index.php\/wp-json\/wp\/v2\/types\/page"}],"author":[{"embeddable":true,"href":"https:\/\/www.landhandel-eichmann.de\/index.php\/wp-json\/wp\/v2\/users\/1"}],"replies":[{"embeddable":true,"href":"https:\/\/www.landhandel-eichmann.de\/index.php\/wp-json\/wp\/v2\/comments?post=3"}],"version-history":[{"count":52,"href":"https:\/\/www.landhandel-eichmann.de\/index.php\/wp-json\/wp\/v2\/pages\/3\/revisions"}],"predecessor-version":[{"id":3353,"href":"https:\/\/www.landhandel-eichmann.de\/index.php\/wp-json\/wp\/v2\/pages\/3\/revisions\/3353"}],"wp:attachment":[{"href":"https:\/\/www.landhandel-eichmann.de\/index.php\/wp-json\/wp\/v2\/media?parent=3"}],"curies":[{"name":"wp","href":"https:\/\/api.w.org\/{rel}","templated":true}]}}